{"id":3079,"date":"2018-08-20T18:59:07","date_gmt":"2018-08-20T16:59:07","guid":{"rendered":"http:\/\/themenectar.com\/demo\/salient-ecommerce-creative\/index.php\/product\/import-placeholder-for-5700\/"},"modified":"2026-01-11T02:51:59","modified_gmt":"2026-01-11T01:51:59","slug":"grand-rapids-sunglasses","status":"publish","type":"product","link":"https:\/\/shaman.hater.sk\/?product=grand-rapids-sunglasses","title":{"rendered":"Zrkadlo vplyvu"},"content":{"rendered":"<p>Ke\u010f sa ticho usad\u00ed a myse\u013e prestane bojova\u0165, \u00famysel m\u00f4\u017ee kone\u010dne pracova\u0165. <strong>Zrkadlo vplyvu<\/strong> je ritu\u00e1l zameran\u00fd na posilnenie charizmy a prirodzenej pr\u00edtomnosti &#8211; jemne, bez n\u00e1tlaku a bez ve\u013ek\u00fdch s\u013eubov.<\/p>\n<ul>\n<li><strong>Forma:<\/strong> \u0161amansk\u00fd obrad na dia\u013eku (symbolick\u00e1 pr\u00e1ca s \u00famyslom)<\/li>\n<li><strong>Aktiv\u00e1cia:<\/strong> do 24 hod\u00edn od objedn\u00e1vky<\/li>\n<li><strong>\u010co potrebujem od teba:<\/strong> meno\/prez\u00fdvku a jednu vetu z\u00e1meru<\/li>\n<li><strong>V\u00fdstup:<\/strong> kr\u00e1tka spr\u00e1va o vykonan\u00ed ritu\u00e1lu a odpor\u00fa\u010danie na 7 dn\u00ed<\/li>\n<\/ul>\n<p><strong>Ako to prebieha:<\/strong> po objedn\u00e1vke ti po\u0161lem kr\u00e1tke ot\u00e1zky, aby bol \u00famysel \u010dist\u00fd. Potom ritu\u00e1l vykon\u00e1m v ur\u010denom \u010dase a d\u00e1m ti vedie\u0165, \u017ee je aktivovan\u00fd.<\/p>\n<p><em>Pozn\u00e1mka:<\/em> Ide o kreat\u00edvny a z\u00e1bavn\u00fd produkt. Nenahr\u00e1dza zdravotn\u00fa, psychologick\u00fa, pr\u00e1vnu ani finan\u010dn\u00fa pomoc.<\/p>\n","protected":false},"excerpt":{"rendered":"<p>Diskr\u00e9tny ritu\u00e1l na posilnenie charizmy a prirodzenej pr\u00edtomnosti. Aktivujem do 24 hod\u00edn &#8211; na dia\u013eku.<\/p>\n","protected":false},"featured_media":86,"comment_status":"open","ping_status":"closed","template":"","meta":[],"product_brand":[],"product_cat":[21],"product_tag":[98,95,38,97,35,37,39,96,36],"class_list":{"0":"post-3079","1":"product","2":"type-product","3":"status-publish","4":"has-post-thumbnail","6":"product_cat-fresh-accessories","7":"product_tag-aura","8":"product_tag-charizma","9":"product_tag-magia","10":"product_tag-pritomnost","11":"product_tag-ritual","12":"product_tag-saman","13":"product_tag-umysel","14":"product_tag-vplyv","15":"product_tag-zaklinadlo","17":"first","18":"instock","19":"shipping-taxable","20":"purchasable","21":"product-type-simple"},"_links":{"self":[{"href":"https:\/\/shaman.hater.sk\/index.php?rest_route=\/wp\/v2\/product\/3079","targetHints":{"allow":["GET"]}}],"collection":[{"href":"https:\/\/shaman.hater.sk\/index.php?rest_route=\/wp\/v2\/product"}],"about":[{"href":"https:\/\/shaman.hater.sk\/index.php?rest_route=\/wp\/v2\/types\/product"}],"replies":[{"embeddable":true,"href":"https:\/\/shaman.hater.sk\/index.php?rest_route=%2Fwp%2Fv2%2Fcomments&post=3079"}],"wp:featuredmedia":[{"embeddable":true,"href":"https:\/\/shaman.hater.sk\/index.php?rest_route=\/wp\/v2\/media\/86"}],"wp:attachment":[{"href":"https:\/\/shaman.hater.sk\/index.php?rest_route=%2Fwp%2Fv2%2Fmedia&parent=3079"}],"wp:term":[{"taxonomy":"product_brand","embeddable":true,"href":"https:\/\/shaman.hater.sk\/index.php?rest_route=%2Fwp%2Fv2%2Fproduct_brand&post=3079"},{"taxonomy":"product_cat","embeddable":true,"href":"https:\/\/shaman.hater.sk\/index.php?rest_route=%2Fwp%2Fv2%2Fproduct_cat&post=3079"},{"taxonomy":"product_tag","embeddable":true,"href":"https:\/\/shaman.hater.sk\/index.php?rest_route=%2Fwp%2Fv2%2Fproduct_tag&post=3079"}],"curies":[{"name":"wp","href":"https:\/\/api.w.org\/{rel}","templated":true}]}}