{"id":8,"date":"2026-01-11T02:25:35","date_gmt":"2026-01-11T01:25:35","guid":{"rendered":"https:\/\/shaman.hater.sk\/?page_id=8"},"modified":"2026-01-11T03:39:46","modified_gmt":"2026-01-11T02:39:46","slug":"kosik","status":"publish","type":"page","link":"https:\/\/shaman.hater.sk\/?page_id=8","title":{"rendered":"Ko\u0161\u00edk"},"content":{"rendered":"\n<div data-block-name=\"woocommerce\/cart\" class=\"wp-block-woocommerce-cart alignwide is-loading\">\n<div data-block-name=\"woocommerce\/filled-cart-block\" class=\"wp-block-woocommerce-filled-cart-block\">\n<div data-block-name=\"woocommerce\/cart-items-block\" class=\"wp-block-woocommerce-cart-items-block\">\n<div data-block-name=\"woocommerce\/cart-line-items-block\" class=\"wp-block-woocommerce-cart-line-items-block\"><\/div>\n\n\n<\/div>\n\n\n\n\n<div data-block-name=\"woocommerce\/cart-totals-block\" class=\"wp-block-woocommerce-cart-totals-block\">\n<div data-block-name=\"woocommerce\/cart-order-summary-block\" class=\"wp-block-woocommerce-cart-order-summary-block\">\n<div data-block-name=\"woocommerce\/cart-order-summary-heading-block\" class=\"wp-block-woocommerce-cart-order-summary-heading-block\"><\/div><div data-block-name=\"woocommerce\/cart-order-summary-coupon-form-block\" class=\"wp-block-woocommerce-cart-order-summary-coupon-form-block\"><\/div><div data-block-name=\"woocommerce\/cart-order-summary-totals-block\" class=\"wp-block-woocommerce-cart-order-summary-totals-block\">\n<div data-block-name=\"woocommerce\/cart-order-summary-subtotal-block\" class=\"wp-block-woocommerce-cart-order-summary-subtotal-block\"><\/div>\n<div data-block-name=\"woocommerce\/cart-order-summary-discount-block\" class=\"wp-block-woocommerce-cart-order-summary-discount-block\"><\/div>\n<div data-block-name=\"woocommerce\/cart-order-summary-fee-block\" class=\"wp-block-woocommerce-cart-order-summary-fee-block\"><\/div>\n<div data-block-name=\"woocommerce\/cart-order-summary-shipping-block\" class=\"wp-block-woocommerce-cart-order-summary-shipping-block\"><\/div>\n<div data-block-name=\"woocommerce\/cart-order-summary-taxes-block\" class=\"wp-block-woocommerce-cart-order-summary-taxes-block\"><\/div><\/div>\n<\/div>\n\n\n\n<div data-block-name=\"woocommerce\/cart-express-payment-block\" class=\"wp-block-woocommerce-cart-express-payment-block\"><\/div>\n\n\n\n<div data-block-name=\"woocommerce\/proceed-to-checkout-block\" class=\"wp-block-woocommerce-proceed-to-checkout-block\"><\/div>\n\n\n\n<div data-block-name=\"woocommerce\/cart-accepted-payment-methods-block\" class=\"wp-block-woocommerce-cart-accepted-payment-methods-block\"><\/div>\n<\/div>\n<\/div>\n\n\n\n<div data-block-name=\"woocommerce\/empty-cart-block\" class=\"wp-block-woocommerce-empty-cart-block\">\n<h2 class=\"wp-block-heading has-text-align-center with-empty-cart-icon wc-block-cart__empty-cart__title\">V\u00e1\u0161 ko\u0161\u00edk je moment\u00e1lne pr\u00e1zdny!<\/h2>\n\n\n\n<hr class=\"wp-block-separator has-alpha-channel-opacity is-style-dots\"\/>\n\n\n\n<h2 class=\"wp-block-heading has-text-align-center\">Novinky v obchode<\/h2>\n\n\n<div data-block-name=\"woocommerce\/product-new\" data-columns=\"4\" data-rows=\"1\" class=\"wc-block-grid wp-block-product-new wp-block-woocommerce-product-new wc-block-product-new has-4-columns\"><ul class=\"wc-block-grid__products\"><li class=\"wc-block-grid__product\">\n\t\t\t\t<a href=\"https:\/\/shaman.hater.sk\/?product=hat-collection\" class=\"wc-block-grid__product-link\">\n\t\t\t\t\t\n\t\t\t\t\t<div class=\"wc-block-grid__product-image\"><img loading=\"lazy\" decoding=\"async\" width=\"300\" height=\"300\" src=\"https:\/\/shaman.hater.sk\/wp-content\/uploads\/woocommerce-placeholder.webp\" class=\"woocommerce-placeholder wp-post-image\" alt=\"\" srcset=\"https:\/\/shaman.hater.sk\/wp-content\/uploads\/woocommerce-placeholder.webp 1200w, https:\/\/shaman.hater.sk\/wp-content\/uploads\/woocommerce-placeholder-300x300.webp 300w, https:\/\/shaman.hater.sk\/wp-content\/uploads\/woocommerce-placeholder-1024x1024.webp 1024w, https:\/\/shaman.hater.sk\/wp-content\/uploads\/woocommerce-placeholder-150x150.webp 150w, https:\/\/shaman.hater.sk\/wp-content\/uploads\/woocommerce-placeholder-768x768.webp 768w, https:\/\/shaman.hater.sk\/wp-content\/uploads\/woocommerce-placeholder-140x140.webp 140w, https:\/\/shaman.hater.sk\/wp-content\/uploads\/woocommerce-placeholder-100x100.webp 100w, https:\/\/shaman.hater.sk\/wp-content\/uploads\/woocommerce-placeholder-500x500.webp 500w, https:\/\/shaman.hater.sk\/wp-content\/uploads\/woocommerce-placeholder-350x350.webp 350w, https:\/\/shaman.hater.sk\/wp-content\/uploads\/woocommerce-placeholder-1000x1000.webp 1000w, https:\/\/shaman.hater.sk\/wp-content\/uploads\/woocommerce-placeholder-800x800.webp 800w\" sizes=\"auto, (max-width: 300px) 100vw, 300px\" \/><\/div>\n\t\t\t\t\t<div class=\"wc-block-grid__product-title\">Zv\u00e4zok ritu\u00e1lov &#8211; Mal\u00e1 kniha k\u00faziel<\/div>\n\t\t\t\t<\/a>\n\t\t\t\t<div class=\"wc-block-grid__product-price price\"><\/div>\n\t\t\t\t\n\t\t\t\t<div class=\"wp-block-button wc-block-grid__product-add-to-cart\"><a href=\"https:\/\/shaman.hater.sk\/?product=hat-collection\" aria-label=\"Zobrazi\u0165 produkty v &ldquo;Zv\u00e4zok ritu\u00e1lov - Mal\u00e1 kniha k\u00faziel&rdquo; skupine\" data-quantity=\"1\" data-product_id=\"3081\" data-product_sku=\"\" data-price=\"0\" rel=\"nofollow\" class=\"wp-block-button__link  add_to_cart_button\">Zobrazi\u0165 produkty<\/a><\/div>\n\t\t\t<\/li><li class=\"wc-block-grid__product\">\n\t\t\t\t<a href=\"https:\/\/shaman.hater.sk\/?product=oakland-hat\" class=\"wc-block-grid__product-link\">\n\t\t\t\t\t\n\t\t\t\t\t<div class=\"wc-block-grid__product-image\"><img loading=\"lazy\" decoding=\"async\" width=\"300\" height=\"300\" src=\"https:\/\/shaman.hater.sk\/wp-content\/uploads\/2018\/08\/cap-2-300x300.jpg\" class=\"attachment-woocommerce_thumbnail size-woocommerce_thumbnail\" alt=\"Koruna no\u010dn\u00e9ho \u0161amana\" srcset=\"https:\/\/shaman.hater.sk\/wp-content\/uploads\/2018\/08\/cap-2-300x300.jpg 300w, https:\/\/shaman.hater.sk\/wp-content\/uploads\/2018\/08\/cap-2-150x150.jpg 150w, https:\/\/shaman.hater.sk\/wp-content\/uploads\/2018\/08\/cap-2-768x768.jpg 768w, https:\/\/shaman.hater.sk\/wp-content\/uploads\/2018\/08\/cap-2-140x140.jpg 140w, https:\/\/shaman.hater.sk\/wp-content\/uploads\/2018\/08\/cap-2-100x100.jpg 100w, https:\/\/shaman.hater.sk\/wp-content\/uploads\/2018\/08\/cap-2-500x500.jpg 500w, https:\/\/shaman.hater.sk\/wp-content\/uploads\/2018\/08\/cap-2-350x350.jpg 350w, https:\/\/shaman.hater.sk\/wp-content\/uploads\/2018\/08\/cap-2-600x600.jpg 600w, https:\/\/shaman.hater.sk\/wp-content\/uploads\/2018\/08\/cap-2.jpg 801w\" sizes=\"auto, (max-width: 300px) 100vw, 300px\" \/><\/div>\n\t\t\t\t\t<div class=\"wc-block-grid__product-title\">Koruna no\u010dn\u00e9ho \u0161amana<\/div>\n\t\t\t\t<\/a>\n\t\t\t\t<div class=\"wc-block-grid__product-price price\"><span class=\"woocommerce-Price-amount amount\">12,99&nbsp;<span class=\"woocommerce-Price-currencySymbol\">&euro;<\/span><\/span><\/div>\n\t\t\t\t\n\t\t\t\t<div class=\"wp-block-button wc-block-grid__product-add-to-cart\"><a href=\"\/index.php?rest_route=%2Fwp%2Fv2%2Fpages%2F8&#038;add-to-cart=3080\" aria-label=\"Prida\u0165 do ko\u0161\u00edka: \u201eKoruna no\u010dn\u00e9ho \u0161amana\u201c\" data-quantity=\"1\" data-product_id=\"3080\" data-product_sku=\"003953\" data-price=\"12.99\" rel=\"nofollow\" class=\"wp-block-button__link  add_to_cart_button ajax_add_to_cart\">Prida\u0165 do ko\u0161\u00edka<\/a><\/div>\n\t\t\t<\/li><li class=\"wc-block-grid__product\">\n\t\t\t\t<a href=\"https:\/\/shaman.hater.sk\/?product=grand-rapids-sunglasses\" class=\"wc-block-grid__product-link\">\n\t\t\t\t\t\n\t\t\t\t\t<div class=\"wc-block-grid__product-image\"><img loading=\"lazy\" decoding=\"async\" width=\"300\" height=\"300\" src=\"https:\/\/shaman.hater.sk\/wp-content\/uploads\/2018\/08\/sunglasses-2-300x300.jpg\" class=\"attachment-woocommerce_thumbnail size-woocommerce_thumbnail\" alt=\"Zrkadlo vplyvu\" srcset=\"https:\/\/shaman.hater.sk\/wp-content\/uploads\/2018\/08\/sunglasses-2-300x300.jpg 300w, https:\/\/shaman.hater.sk\/wp-content\/uploads\/2018\/08\/sunglasses-2-150x150.jpg 150w, https:\/\/shaman.hater.sk\/wp-content\/uploads\/2018\/08\/sunglasses-2-768x768.jpg 768w, https:\/\/shaman.hater.sk\/wp-content\/uploads\/2018\/08\/sunglasses-2-140x140.jpg 140w, https:\/\/shaman.hater.sk\/wp-content\/uploads\/2018\/08\/sunglasses-2-100x100.jpg 100w, https:\/\/shaman.hater.sk\/wp-content\/uploads\/2018\/08\/sunglasses-2-500x500.jpg 500w, https:\/\/shaman.hater.sk\/wp-content\/uploads\/2018\/08\/sunglasses-2-350x350.jpg 350w, https:\/\/shaman.hater.sk\/wp-content\/uploads\/2018\/08\/sunglasses-2-600x600.jpg 600w, https:\/\/shaman.hater.sk\/wp-content\/uploads\/2018\/08\/sunglasses-2.jpg 801w\" sizes=\"auto, (max-width: 300px) 100vw, 300px\" \/><\/div>\n\t\t\t\t\t<div class=\"wc-block-grid__product-title\">Zrkadlo vplyvu<\/div>\n\t\t\t\t<\/a>\n\t\t\t\t<div class=\"wc-block-grid__product-price price\"><span class=\"woocommerce-Price-amount amount\">29,99&nbsp;<span class=\"woocommerce-Price-currencySymbol\">&euro;<\/span><\/span><\/div>\n\t\t\t\t<div class=\"wc-block-grid__product-rating\"><div class=\"star-rating\" role=\"img\" aria-label=\"Hodnotenie 5.00 z 5\"><span style=\"width:100%\">Hodnotenie <strong class=\"rating\">5.00<\/strong> z 5 na z\u00e1klade <span class=\"rating\">1<\/span> z\u00e1kazn\u00edckej recenzie<\/span><\/div><\/div>\n\t\t\t\t<div class=\"wp-block-button wc-block-grid__product-add-to-cart\"><a href=\"\/index.php?rest_route=%2Fwp%2Fv2%2Fpages%2F8&#038;add-to-cart=3079\" aria-label=\"Prida\u0165 do ko\u0161\u00edka: \u201eZrkadlo vplyvu\u201c\" data-quantity=\"1\" data-product_id=\"3079\" data-product_sku=\"0034345\" data-price=\"29.99\" rel=\"nofollow\" class=\"wp-block-button__link  add_to_cart_button ajax_add_to_cart\">Prida\u0165 do ko\u0161\u00edka<\/a><\/div>\n\t\t\t<\/li><li class=\"wc-block-grid__product\">\n\t\t\t\t<a href=\"https:\/\/shaman.hater.sk\/?product=new-york-sunglasses\" class=\"wc-block-grid__product-link\">\n\t\t\t\t\t\n\t\t\t\t\t<div class=\"wc-block-grid__product-image\"><img loading=\"lazy\" decoding=\"async\" width=\"300\" height=\"300\" src=\"https:\/\/shaman.hater.sk\/wp-content\/uploads\/2018\/08\/sunglasses-2-300x300.jpg\" class=\"attachment-woocommerce_thumbnail size-woocommerce_thumbnail\" alt=\"Oko intu\u00edcie\" srcset=\"https:\/\/shaman.hater.sk\/wp-content\/uploads\/2018\/08\/sunglasses-2-300x300.jpg 300w, https:\/\/shaman.hater.sk\/wp-content\/uploads\/2018\/08\/sunglasses-2-150x150.jpg 150w, https:\/\/shaman.hater.sk\/wp-content\/uploads\/2018\/08\/sunglasses-2-768x768.jpg 768w, https:\/\/shaman.hater.sk\/wp-content\/uploads\/2018\/08\/sunglasses-2-140x140.jpg 140w, https:\/\/shaman.hater.sk\/wp-content\/uploads\/2018\/08\/sunglasses-2-100x100.jpg 100w, https:\/\/shaman.hater.sk\/wp-content\/uploads\/2018\/08\/sunglasses-2-500x500.jpg 500w, https:\/\/shaman.hater.sk\/wp-content\/uploads\/2018\/08\/sunglasses-2-350x350.jpg 350w, https:\/\/shaman.hater.sk\/wp-content\/uploads\/2018\/08\/sunglasses-2-600x600.jpg 600w, https:\/\/shaman.hater.sk\/wp-content\/uploads\/2018\/08\/sunglasses-2.jpg 801w\" sizes=\"auto, (max-width: 300px) 100vw, 300px\" \/><\/div>\n\t\t\t\t\t<div class=\"wc-block-grid__product-title\">Oko intu\u00edcie<\/div>\n\t\t\t\t<\/a>\n\t\t\t\t<div class=\"wc-block-grid__product-price price\"><span class=\"woocommerce-Price-amount amount\">39,99&nbsp;<span class=\"woocommerce-Price-currencySymbol\">&euro;<\/span><\/span><\/div>\n\t\t\t\t\n\t\t\t\t<div class=\"wp-block-button wc-block-grid__product-add-to-cart\"><a href=\"\/index.php?rest_route=%2Fwp%2Fv2%2Fpages%2F8&#038;add-to-cart=3078\" aria-label=\"Prida\u0165 do ko\u0161\u00edka: \u201eOko intu\u00edcie\u201c\" data-quantity=\"1\" data-product_id=\"3078\" data-product_sku=\"857835\" data-price=\"39.99\" rel=\"nofollow\" class=\"wp-block-button__link  add_to_cart_button ajax_add_to_cart\">Prida\u0165 do ko\u0161\u00edka<\/a><\/div>\n\t\t\t<\/li><\/ul><\/div><\/div>\n<\/div>\n","protected":false},"excerpt":{"rendered":"Mohlo by sa v\u00e1m p\u00e1\u010di\u0165&hellip; V\u00e1\u0161 ko\u0161\u00edk je moment\u00e1lne pr\u00e1zdny! Novinky v obchode","protected":false},"author":1,"featured_media":0,"parent":0,"menu_order":0,"comment_status":"closed","ping_status":"closed","template":"","meta":{"footnotes":""},"class_list":["post-8","page","type-page","status-publish"],"_links":{"self":[{"href":"https:\/\/shaman.hater.sk\/index.php?rest_route=\/wp\/v2\/pages\/8","targetHints":{"allow":["GET"]}}],"collection":[{"href":"https:\/\/shaman.hater.sk\/index.php?rest_route=\/wp\/v2\/pages"}],"about":[{"href":"https:\/\/shaman.hater.sk\/index.php?rest_route=\/wp\/v2\/types\/page"}],"author":[{"embeddable":true,"href":"https:\/\/shaman.hater.sk\/index.php?rest_route=\/wp\/v2\/users\/1"}],"replies":[{"embeddable":true,"href":"https:\/\/shaman.hater.sk\/index.php?rest_route=%2Fwp%2Fv2%2Fcomments&post=8"}],"version-history":[{"count":1,"href":"https:\/\/shaman.hater.sk\/index.php?rest_route=\/wp\/v2\/pages\/8\/revisions"}],"predecessor-version":[{"id":60,"href":"https:\/\/shaman.hater.sk\/index.php?rest_route=\/wp\/v2\/pages\/8\/revisions\/60"}],"wp:attachment":[{"href":"https:\/\/shaman.hater.sk\/index.php?rest_route=%2Fwp%2Fv2%2Fmedia&parent=8"}],"curies":[{"name":"wp","href":"https:\/\/api.w.org\/{rel}","templated":true}]}}